{"id":1078,"date":"2010-11-13T14:22:23","date_gmt":"2010-11-13T13:22:23","guid":{"rendered":"http:\/\/belov.cz\/obec\/"},"modified":"2026-05-13T12:51:19","modified_gmt":"2026-05-13T11:51:19","slug":"zastupitele","status":"publish","type":"page","link":"https:\/\/belov.cz\/obec\/urad\/zastupitele\/","title":{"rendered":"Zastupitel\u00e9"},"content":{"rendered":"\n<div class=\"wp-block-columns is-layout-flex wp-container-core-columns-is-layout-9d6595d7 wp-block-columns-is-layout-flex\">\n<div class=\"wp-block-column is-layout-flow wp-block-column-is-layout-flow\">\n<figure class=\"wp-block-image size-large\"><img decoding=\"async\" src=\"https:\/\/belov.cz\/obec\/wp-content\/uploads\/2018\/11\/18-02-jirka.png\" alt=\"\"\/><figcaption class=\"wp-element-caption\"><strong>Ji\u0159\u00ed P\u0159ececht\u011bl, <\/strong><br>starosta<\/figcaption><\/figure>\n<\/div>\n\n\n\n<div class=\"wp-block-column is-layout-flow wp-block-column-is-layout-flow\">\n<figure class=\"wp-block-image size-large\"><img decoding=\"async\" src=\"https:\/\/belov.cz\/obec\/wp-content\/uploads\/2018\/11\/18-02-pavel-j-1.png\" alt=\"\"\/><figcaption class=\"wp-element-caption\"><strong>Pavel Jirs\u00e1k, <\/strong><br>m\u00edstostarosta<\/figcaption><\/figure>\n<\/div>\n\n\n\n<div class=\"wp-block-column is-layout-flow wp-block-column-is-layout-flow\"><\/div>\n<\/div>\n\n\n\n<hr class=\"wp-block-separator has-alpha-channel-opacity\"\/>\n\n\n\n<div class=\"wp-block-columns is-layout-flex wp-container-core-columns-is-layout-9d6595d7 wp-block-columns-is-layout-flex\">\n<div class=\"wp-block-column is-layout-flow wp-block-column-is-layout-flow\">\n<figure class=\"wp-block-image size-large\"><img decoding=\"async\" src=\"https:\/\/belov.cz\/obec\/wp-content\/uploads\/2018\/11\/18-02-jarka-2.png\" alt=\"\"\/><figcaption class=\"wp-element-caption\"><strong>Jaroslava Ve\u010de\u0159ov\u00e1,<\/strong><br>P\u0159edsedkyn\u011b finan\u010dn\u00edho v\u00fdboru<\/figcaption><\/figure>\n<\/div>\n\n\n\n<div class=\"wp-block-column is-layout-flow wp-block-column-is-layout-flow\">\n<figure class=\"wp-block-image size-large\"><img decoding=\"async\" src=\"https:\/\/belov.cz\/obec\/wp-content\/uploads\/2018\/11\/18-02-lada.png\" alt=\"\"\/><figcaption class=\"wp-element-caption\"><strong>Ladislav \u0160krabal,<\/strong><br>P\u0159edseda kontroln\u00edho v\u00fdboru<\/figcaption><\/figure>\n<\/div>\n\n\n\n<div class=\"wp-block-column is-layout-flow wp-block-column-is-layout-flow\">\n<figure class=\"wp-block-image size-large\"><img decoding=\"async\" src=\"https:\/\/belov.cz\/obec\/wp-content\/uploads\/2018\/11\/18-02-andrea.png\" alt=\"\"\/><figcaption class=\"wp-element-caption\"><strong>ing. Andrea Va\u0148kov\u00e1<\/strong><\/figcaption><\/figure>\n<\/div>\n<\/div>\n\n\n\n<div class=\"wp-block-columns is-layout-flex wp-container-core-columns-is-layout-9d6595d7 wp-block-columns-is-layout-flex\">\n<div class=\"wp-block-column is-layout-flow wp-block-column-is-layout-flow\">\n<p><strong>Zbyn\u011bk Tihelka<\/strong><\/p>\n<\/div>\n\n\n\n<div class=\"wp-block-column is-layout-flow wp-block-column-is-layout-flow\">\n<p><strong>Radek Sejbal<\/strong><\/p>\n<\/div>\n\n\n\n<div class=\"wp-block-column is-layout-flow wp-block-column-is-layout-flow\"><\/div>\n<\/div>\n\n\n\n<hr class=\"wp-block-separator has-alpha-channel-opacity\"\/>\n\n\n\n<h3 class=\"wp-block-heading\">Finan\u010dn\u00ed v\u00fdbor<\/h3>\n\n\n\n<p>Finan\u010dn\u00ed v\u00fdbor v souladu se z\u00e1konem o obc\u00edch prov\u00e1d\u00ed kontrolu hospoda\u0159en\u00ed s majetkem a finan\u010dn\u00edmi prost\u0159edky obce a pln\u00ed dal\u0161\u00ed \u00fakoly, jimi\u017e ho pov\u011b\u0159ilo zastupitelstvo schv\u00e1len\u00edm pl\u00e1nu pr\u00e1ce v\u00fdboru.<\/p>\n\n\n\n<h3 class=\"wp-block-heading\">Kontroln\u00ed v\u00fdbor<\/h3>\n\n\n\n<p>Kontroln\u00ed v\u00fdbor v souladu se z\u00e1konem o obc\u00edch kontroluje pln\u011bn\u00ed usnesen\u00ed zastupitelstva obce a pln\u00ed dal\u0161\u00ed \u00fakoly, jimi\u017e ho pov\u011b\u0159ilo zastupitelstvo.<\/p>\n\n\n\n<hr class=\"wp-block-separator has-alpha-channel-opacity\"\/>\n\n\n\n<h3 class=\"wp-block-heading\">v\u00fdsledky voleb do zastupitelstev obc\u00ed:<\/h3>\n\n\n\n<p><a href=\"https:\/\/volby.cz\/pls\/kv2018\/kv21111?xjazyk=CZ&amp;xid=1&amp;xv=23&amp;xdz=1&amp;xnumnuts=7204&amp;xobec=588318&amp;xstrana=0&amp;xstat=0&amp;xodkaz=1\">2018<\/a>,&nbsp;<a href=\"https:\/\/volby.cz\/pls\/kv2014\/kv2211?xjazyk=CZ&amp;xid=1&amp;xv=11&amp;xdz=1&amp;xnumnuts=7204&amp;xobec=588318\">2014<\/a>,&nbsp;<a href=\"https:\/\/www.volby.cz\/pls\/kv2010\/kv1111?xjazyk=CZ&amp;xid=1&amp;xdz=1&amp;xnumnuts=7204&amp;xobec=588318&amp;xstat=0&amp;xvyber=0\">2010<\/a>,&nbsp;<a href=\"https:\/\/www.volby.cz\/pls\/kv2006\/kv1111?xjazyk=CZ&amp;xid=1&amp;xdz=1&amp;xnumnuts=7204&amp;xobec=588318&amp;xstat=0&amp;xvyber=0\">2006<\/a>,&nbsp;<a href=\"https:\/\/www.volby.cz\/pls\/kv2002\/kv1111?xjazyk=CZ&amp;xid=0&amp;xdz=1&amp;xnumnuts=7201&amp;xobec=588318\">2002<\/a><\/p>\n","protected":false},"excerpt":{"rendered":"<p>Zbyn\u011bk Tihelka Radek Sejbal Finan\u010dn\u00ed v\u00fdbor Finan\u010dn\u00ed v\u00fdbor v souladu se z\u00e1konem o obc\u00edch prov\u00e1d\u00ed kontrolu hospoda\u0159en\u00ed s majetkem a finan\u010dn\u00edmi prost\u0159edky obce a pln\u00ed dal\u0161\u00ed \u00fakoly, jimi\u017e ho pov\u011b\u0159ilo\u2026<\/p>\n","protected":false},"author":2,"featured_media":0,"parent":1076,"menu_order":4,"comment_status":"closed","ping_status":"closed","template":"","meta":{"footnotes":""},"class_list":["post-1078","page","type-page","status-publish","hentry"],"_links":{"self":[{"href":"https:\/\/belov.cz\/obec\/wp-json\/wp\/v2\/pages\/1078","targetHints":{"allow":["GET"]}}],"collection":[{"href":"https:\/\/belov.cz\/obec\/wp-json\/wp\/v2\/pages"}],"about":[{"href":"https:\/\/belov.cz\/obec\/wp-json\/wp\/v2\/types\/page"}],"author":[{"embeddable":true,"href":"https:\/\/belov.cz\/obec\/wp-json\/wp\/v2\/users\/2"}],"replies":[{"embeddable":true,"href":"https:\/\/belov.cz\/obec\/wp-json\/wp\/v2\/comments?post=1078"}],"version-history":[{"count":112,"href":"https:\/\/belov.cz\/obec\/wp-json\/wp\/v2\/pages\/1078\/revisions"}],"predecessor-version":[{"id":57789,"href":"https:\/\/belov.cz\/obec\/wp-json\/wp\/v2\/pages\/1078\/revisions\/57789"}],"up":[{"embeddable":true,"href":"https:\/\/belov.cz\/obec\/wp-json\/wp\/v2\/pages\/1076"}],"wp:attachment":[{"href":"https:\/\/belov.cz\/obec\/wp-json\/wp\/v2\/media?parent=1078"}],"curies":[{"name":"wp","href":"https:\/\/api.w.org\/{rel}","templated":true}]}}