{"id":11649,"date":"2014-07-28T09:47:41","date_gmt":"2014-07-28T08:47:41","guid":{"rendered":"http:\/\/belov.cz\/obec\/?page_id=11649"},"modified":"2026-05-13T08:28:47","modified_gmt":"2026-05-13T07:28:47","slug":"co-mohu-vyridit-na-urade","status":"publish","type":"page","link":"https:\/\/belov.cz\/obec\/urad\/co-mohu-vyridit-na-urade\/","title":{"rendered":"Co mohu vy\u0159\u00eddit na \u00fa\u0159ad\u011b"},"content":{"rendered":"\n<h2 class=\"wp-block-heading\">P\u0159ihl\u00e1\u0161en\u00ed k trval\u00e9mu pobytu<\/h2>\n\n\n\n<p>Ob\u010dan \u010cesk\u00e9 republiky m\u016f\u017ee m\u00edt jen jedno m\u00edsto trval\u00e9ho pobytu na na\u0161em \u00fazem\u00ed a to v objektu, kter\u00fd je ur\u010den pro bydlen\u00ed, ubytov\u00e1n\u00ed nebo individu\u00e1ln\u00ed rekreaci a ozna\u010den \u010d\u00edslem popisn\u00fdm nebo eviden\u010dn\u00edm pop\u0159\u00edpad\u011b orienta\u010dn\u00edm.<\/p>\n\n\n\n<p>Na O\u00da B\u011blov se prov\u00e1d\u00ed p\u0159ihl\u00e1\u0161en\u00ed k trval\u00e9mu pobytu.<\/p>\n\n\n\n<p>P\u0159i p\u0159ihla\u0161ov\u00e1n\u00ed k trval\u00e9mu pobytu je nutno p\u0159edlo\u017eit ob\u010dansk\u00fd pr\u016fkaz, prok\u00e1zat vlastnictv\u00ed nemovitosti p\u0159edlo\u017een\u00edm v\u00fdpisu z katastr\u00e1ln\u00edho \u00fa\u0159adu (ne star\u0161\u00edm 3 m\u011bs\u00edc\u016f), p\u0159\u00edpadn\u011b zajistit souhlas vlastn\u00edka nemovitosti a vyplnit p\u0159ihla\u0161ovac\u00ed tiskopis.<\/p>\n\n\n\n<p>Poplatek\/y dle aktu\u00e1ln\u00edho cen\u00edku.<\/p>\n\n\n\n<h2 class=\"wp-block-heading\">Placen\u00ed m\u00edstn\u00edch poplatk\u016f<\/h2>\n\n\n\n<p>Dle aktu\u00e1ln\u00edch informac\u00ed na \u00fa\u0159edn\u00ed desce.<\/p>\n\n\n\n<h2 class=\"wp-block-heading\">\u017d\u00e1dost o poskytnut\u00ed informac\u00ed dle 106\/1999 Sb.<\/h2>\n\n\n\n<p>Ka\u017ed\u00fd ob\u010dan m\u00e1 pr\u00e1vo osobn\u011b (nebo mailem) po\u017e\u00e1dat o nahl\u00e9dnut\u00ed \u010di o kopii anonymizovan\u00e9ho z\u00e1pisu jedn\u00e1n\u00ed zastupitelstva, rozpo\u010dt\u016f a dal\u0161\u00edch listin.<\/p>\n\n\n\n<h2 class=\"wp-block-heading\">Dal\u0161\u00ed slu\u017eby<\/h2>\n\n\n\n<p><a href=\"https:\/\/belov.cz\/obec\/c\/uredni-deska-dokumenty\/?topic=cenik-sluzeb\">Cen\u00edk slu\u017eeb<\/a><\/p>\n\n\n\n<p><strong>Zm\u011bna cen vyhrazena. <\/strong><\/p>\n","protected":false},"excerpt":{"rendered":"<p>P\u0159ihl\u00e1\u0161en\u00ed k trval\u00e9mu pobytu Ob\u010dan \u010cesk\u00e9 republiky m\u016f\u017ee m\u00edt jen jedno m\u00edsto trval\u00e9ho pobytu na na\u0161em \u00fazem\u00ed a to v objektu, kter\u00fd je ur\u010den pro bydlen\u00ed, ubytov\u00e1n\u00ed nebo individu\u00e1ln\u00ed rekreaci\u2026<\/p>\n","protected":false},"author":2,"featured_media":0,"parent":1076,"menu_order":120,"comment_status":"open","ping_status":"open","template":"","meta":{"footnotes":""},"class_list":["post-11649","page","type-page","status-publish","hentry"],"_links":{"self":[{"href":"https:\/\/belov.cz\/obec\/wp-json\/wp\/v2\/pages\/11649","targetHints":{"allow":["GET"]}}],"collection":[{"href":"https:\/\/belov.cz\/obec\/wp-json\/wp\/v2\/pages"}],"about":[{"href":"https:\/\/belov.cz\/obec\/wp-json\/wp\/v2\/types\/page"}],"author":[{"embeddable":true,"href":"https:\/\/belov.cz\/obec\/wp-json\/wp\/v2\/users\/2"}],"replies":[{"embeddable":true,"href":"https:\/\/belov.cz\/obec\/wp-json\/wp\/v2\/comments?post=11649"}],"version-history":[{"count":39,"href":"https:\/\/belov.cz\/obec\/wp-json\/wp\/v2\/pages\/11649\/revisions"}],"predecessor-version":[{"id":57771,"href":"https:\/\/belov.cz\/obec\/wp-json\/wp\/v2\/pages\/11649\/revisions\/57771"}],"up":[{"embeddable":true,"href":"https:\/\/belov.cz\/obec\/wp-json\/wp\/v2\/pages\/1076"}],"wp:attachment":[{"href":"https:\/\/belov.cz\/obec\/wp-json\/wp\/v2\/media?parent=11649"}],"curies":[{"name":"wp","href":"https:\/\/api.w.org\/{rel}","templated":true}]}}