{"id":35629,"date":"2019-07-18T19:22:58","date_gmt":"2019-07-18T18:22:58","guid":{"rendered":"http:\/\/belov.cz\/obec\/?page_id=35629"},"modified":"2021-08-08T14:29:02","modified_gmt":"2021-08-08T13:29:02","slug":"zivot-v-obci","status":"publish","type":"page","link":"https:\/\/belov.cz\/obec\/zivot-v-obci\/","title":{"rendered":"\u017divot v obci"},"content":{"rendered":"\n<p><strong>V obci funguj\u00ed spolky: <\/strong><\/p>\n\n\n\n<ul class=\"wp-block-list\"><li>Dobrovoln\u00ed hasi\u010di B\u011blov (zalo\u017een 25. b\u0159ezna 1926), <\/li><li>\u010cesk\u00fd svaz \u017een (\u010dinnost obnovena v roce 1977), <\/li><li>Sbor pro ob\u010dansk\u00e9 z\u00e1le\u017eitosti B\u011blov (zalo\u017een 17. \u00fanora 1975).<\/li><\/ul>\n\n\n\n<p>D\u00e1le je v obci provozov\u00e1na obecn\u00ed knihovna B\u011blov.<\/p>\n","protected":false},"excerpt":{"rendered":"<p>V obci funguj\u00ed spolky: Dobrovoln\u00ed hasi\u010di B\u011blov (zalo\u017een 25. b\u0159ezna 1926), \u010cesk\u00fd svaz \u017een (\u010dinnost obnovena v roce 1977), Sbor pro ob\u010dansk\u00e9 z\u00e1le\u017eitosti B\u011blov (zalo\u017een 17. \u00fanora 1975). D\u00e1le je\u2026<\/p>\n","protected":false},"author":2,"featured_media":0,"parent":0,"menu_order":11,"comment_status":"closed","ping_status":"closed","template":"","meta":{"footnotes":""},"class_list":["post-35629","page","type-page","status-publish","hentry"],"_links":{"self":[{"href":"https:\/\/belov.cz\/obec\/wp-json\/wp\/v2\/pages\/35629","targetHints":{"allow":["GET"]}}],"collection":[{"href":"https:\/\/belov.cz\/obec\/wp-json\/wp\/v2\/pages"}],"about":[{"href":"https:\/\/belov.cz\/obec\/wp-json\/wp\/v2\/types\/page"}],"author":[{"embeddable":true,"href":"https:\/\/belov.cz\/obec\/wp-json\/wp\/v2\/users\/2"}],"replies":[{"embeddable":true,"href":"https:\/\/belov.cz\/obec\/wp-json\/wp\/v2\/comments?post=35629"}],"version-history":[{"count":8,"href":"https:\/\/belov.cz\/obec\/wp-json\/wp\/v2\/pages\/35629\/revisions"}],"predecessor-version":[{"id":44824,"href":"https:\/\/belov.cz\/obec\/wp-json\/wp\/v2\/pages\/35629\/revisions\/44824"}],"wp:attachment":[{"href":"https:\/\/belov.cz\/obec\/wp-json\/wp\/v2\/media?parent=35629"}],"curies":[{"name":"wp","href":"https:\/\/api.w.org\/{rel}","templated":true}]}}