{"id":38153,"date":"2019-10-15T01:45:06","date_gmt":"2019-10-15T00:45:06","guid":{"rendered":"http:\/\/belov.cz\/obec\/?page_id=38153"},"modified":"2020-03-15T06:00:39","modified_gmt":"2020-03-15T05:00:39","slug":"vyrocni-zpravy","status":"publish","type":"page","link":"https:\/\/belov.cz\/obec\/urad\/vyrocni-zpravy\/","title":{"rendered":"V\u00fdro\u010dn\u00ed zpr\u00e1vy"},"content":{"rendered":"\n<h2 class=\"wp-block-heading\"><\/h2>\n","protected":false},"excerpt":{"rendered":"","protected":false},"author":2,"featured_media":0,"parent":1076,"menu_order":50,"comment_status":"closed","ping_status":"closed","template":"","meta":{"footnotes":""},"class_list":["post-38153","page","type-page","status-publish","hentry"],"_links":{"self":[{"href":"https:\/\/belov.cz\/obec\/wp-json\/wp\/v2\/pages\/38153","targetHints":{"allow":["GET"]}}],"collection":[{"href":"https:\/\/belov.cz\/obec\/wp-json\/wp\/v2\/pages"}],"about":[{"href":"https:\/\/belov.cz\/obec\/wp-json\/wp\/v2\/types\/page"}],"author":[{"embeddable":true,"href":"https:\/\/belov.cz\/obec\/wp-json\/wp\/v2\/users\/2"}],"replies":[{"embeddable":true,"href":"https:\/\/belov.cz\/obec\/wp-json\/wp\/v2\/comments?post=38153"}],"version-history":[{"count":2,"href":"https:\/\/belov.cz\/obec\/wp-json\/wp\/v2\/pages\/38153\/revisions"}],"predecessor-version":[{"id":38155,"href":"https:\/\/belov.cz\/obec\/wp-json\/wp\/v2\/pages\/38153\/revisions\/38155"}],"up":[{"embeddable":true,"href":"https:\/\/belov.cz\/obec\/wp-json\/wp\/v2\/pages\/1076"}],"wp:attachment":[{"href":"https:\/\/belov.cz\/obec\/wp-json\/wp\/v2\/media?parent=38153"}],"curies":[{"name":"wp","href":"https:\/\/api.w.org\/{rel}","templated":true}]}}