{"id":4150,"date":"2011-12-31T17:44:50","date_gmt":"2011-12-31T16:44:50","guid":{"rendered":"http:\/\/belov.cz\/obec\/?page_id=4150"},"modified":"2026-05-13T14:32:11","modified_gmt":"2026-05-13T13:32:11","slug":"spoz-belov","status":"publish","type":"page","link":"https:\/\/belov.cz\/obec\/zivot-v-obci\/spoz-belov\/","title":{"rendered":"SPOZ B\u011blov"},"content":{"rendered":"\n<p>Sbor pro ob\u010dansk\u00e9 z\u00e1le\u017eitosti (SPOZ) byl zalo\u017een 17. \u00fanora 1975.<\/p>\n\n\n\n<p><strong>Zakladatel\u00e9 sboru:<\/strong><\/p>\n\n\n\n<ul class=\"wp-block-list\"><li><strong>p\u0159edseda:<\/strong>&nbsp;Jana Kadl\u010d\u00edkov\u00e1<\/li><li><strong>jednatel:<\/strong>&nbsp;Em\u00edlie Ka\u0161kov\u00e1<\/li><li><strong>kronik\u00e1\u0159ka:<\/strong>&nbsp;Marta Kunovj\u00e1nkov\u00e1<\/li><li><strong>\u010dlenov\u00e9:<\/strong>&nbsp;Alena Klva\u010dov\u00e1, V\u011bra \u0160vecov\u00e1, Vlastimila Zapletalov\u00e1<\/li><li><strong>za MNV:<\/strong>&nbsp;Josef Kot\u00e1sek, Stanislav Lou\u010dka, Vlasta Galat\u00edkov\u00e1, V\u011bra Ludv\u00edkov\u00e1<\/li><\/ul>\n\n\n\n<p><strong>Program pr\u00e1ce SPOZu:<\/strong><\/p>\n\n\n\n<ul class=\"wp-block-list\"><li>uskute\u010d\u0148ovat v\u00edt\u00e1n\u00ed ob\u010d\u00e1nk\u016f<\/li><li>rozlou\u010den\u00ed se zesnul\u00fdm &#8211; po dohod\u011b s rodinou<\/li><li>oslavy v\u00fdznamn\u011bj\u0161\u00edch \u017eivotn\u00edch jubile\u00ed<\/li><li>fotokronika<\/li><li>starost o n\u00e1st\u011bnky<\/li><li>po\u0159\u00e1d\u00e1n\u00ed p\u0159edn\u00e1\u0161ek, z\u00e1jezd\u016f, setk\u00e1n\u00ed<\/li><\/ul>\n\n\n\n<p><strong>Odkaz: <\/strong><a href=\"https:\/\/belov.cz\/obec\/tag\/spoz\/\">aktuality, p\u0159\u00edsp\u011bvky<\/a><\/p>\n","protected":false},"excerpt":{"rendered":"<p>Sbor pro ob\u010dansk\u00e9 z\u00e1le\u017eitosti (SPOZ) byl zalo\u017een 17. \u00fanora 1975. Zakladatel\u00e9 sboru: p\u0159edseda:&nbsp;Jana Kadl\u010d\u00edkov\u00e1 jednatel:&nbsp;Em\u00edlie Ka\u0161kov\u00e1 kronik\u00e1\u0159ka:&nbsp;Marta Kunovj\u00e1nkov\u00e1 \u010dlenov\u00e9:&nbsp;Alena Klva\u010dov\u00e1, V\u011bra \u0160vecov\u00e1, Vlastimila Zapletalov\u00e1 za MNV:&nbsp;Josef Kot\u00e1sek, Stanislav Lou\u010dka, Vlasta\u2026<\/p>\n","protected":false},"author":2,"featured_media":57798,"parent":35629,"menu_order":30,"comment_status":"closed","ping_status":"closed","template":"","meta":{"footnotes":""},"class_list":["post-4150","page","type-page","status-publish","has-post-thumbnail","hentry"],"_links":{"self":[{"href":"https:\/\/belov.cz\/obec\/wp-json\/wp\/v2\/pages\/4150","targetHints":{"allow":["GET"]}}],"collection":[{"href":"https:\/\/belov.cz\/obec\/wp-json\/wp\/v2\/pages"}],"about":[{"href":"https:\/\/belov.cz\/obec\/wp-json\/wp\/v2\/types\/page"}],"author":[{"embeddable":true,"href":"https:\/\/belov.cz\/obec\/wp-json\/wp\/v2\/users\/2"}],"replies":[{"embeddable":true,"href":"https:\/\/belov.cz\/obec\/wp-json\/wp\/v2\/comments?post=4150"}],"version-history":[{"count":12,"href":"https:\/\/belov.cz\/obec\/wp-json\/wp\/v2\/pages\/4150\/revisions"}],"predecessor-version":[{"id":44842,"href":"https:\/\/belov.cz\/obec\/wp-json\/wp\/v2\/pages\/4150\/revisions\/44842"}],"up":[{"embeddable":true,"href":"https:\/\/belov.cz\/obec\/wp-json\/wp\/v2\/pages\/35629"}],"wp:featuredmedia":[{"embeddable":true,"href":"https:\/\/belov.cz\/obec\/wp-json\/wp\/v2\/media\/57798"}],"wp:attachment":[{"href":"https:\/\/belov.cz\/obec\/wp-json\/wp\/v2\/media?parent=4150"}],"curies":[{"name":"wp","href":"https:\/\/api.w.org\/{rel}","templated":true}]}}