{"id":46456,"date":"2022-02-01T21:14:00","date_gmt":"2022-02-01T20:14:00","guid":{"rendered":"https:\/\/belov.cz\/obec\/?page_id=46456"},"modified":"2022-02-24T17:56:52","modified_gmt":"2022-02-24T16:56:52","slug":"belovske-krize","status":"publish","type":"page","link":"https:\/\/belov.cz\/obec\/obec\/belovske-krize\/","title":{"rendered":"B\u011blovsk\u00e9 k\u0159\u00ed\u017ee"},"content":{"rendered":"\n<p>V katastru obce B\u011blov se nach\u00e1zej\u00ed moment\u00e1ln\u011b (rok 2022) dva kamenn\u00e9 k\u0159\u00ed\u017ee:<\/p>\n\n\n\n<ol class=\"wp-block-list\"><li>k\u0159\u00ed\u017e u k\u0159i\u017eovatky cest B\u011blov &#8211; Kvasice, B\u011blov &#8211; Otrokovice, bl\u00edzko cyklistick\u00e9ho p\u0159\u00edst\u0159e\u0161ku,<br><strong>postaven:<\/strong> 1847 &#8211; 9 (?),<br><strong>n\u00e1pis na k\u0159\u00ed\u017ei:<\/strong> &#8222;B\u011blovu odkaz (dar) pudmistra Franti\u0161ka Da\u0148ka&#8220;,<\/li><li>k\u0159\u00ed\u017e &#8222;u ka\u0161tanu&#8220;, oblast &#8222;V\u00fdvozek&#8220;, na p\u011b\u0161in\u011b, kter\u00e1 vede do lesa Hu\u010daje, d\u00e1le pak na Nov\u00fd Dv\u016fr \u010di do Kvasic atd.<br>Posv\u011bcen byl far\u00e1\u0159em Josefem\u202fB\u00edlkem.\u202fObec\u202fB\u011blov\u202fse zav\u00e1zala reversem, ze dne 21.\u202f\u010dervna 1846 &#8222;k\u0159\u00ed\u017e v\u202fdobr\u00e9m stavu\u202fudr\u017eovati&#8220;. <br><strong>postaven:<\/strong> p\u016fvodn\u011b d\u0159ev\u011bn\u00fd 1744, dne\u0161n\u00ed kamenn\u00fd 1846,<br><strong>n\u00e1pis na k\u0159\u00ed\u017ei:<\/strong> &#8222;MA KREV A MOJE RANI SPASENI SV\u011aTA&#8220;.<\/li><\/ol>\n\n\n\n<hr class=\"wp-block-separator\"\/>\n\n\n\n<h2 class=\"wp-block-heading\" id=\"historie-krizu\">Historie k\u0159\u00ed\u017e\u016f<\/h2>\n\n\n\n<div class=\"wp-block-columns is-layout-flex wp-container-core-columns-is-layout-9d6595d7 wp-block-columns-is-layout-flex\">\n<div class=\"wp-block-column is-layout-flow wp-block-column-is-layout-flow\" style=\"flex-basis:66.66%\">\n<p>Mat\u011bj\u202fMoritz,\u202fkvasick\u00fd\u202ffar\u00e1\u0159,\u202fp\u016fsob\u00edc\u00ed v\u202fletech 1734-1782, ve sv\u00e9m spisu\u202fVetera\u202fMoDernaqVe\u202fAnaLeCtaQVassICena (1766)\u202f\u202f-\u202fStar\u00e9 i modern\u00ed\u202fkvasick\u00e9\u202fletopisy,\u202fuv\u00e1d\u00ed, \u017ee v\u202froce 1744 posv\u011btil d\u0159ev\u011bn\u00fd k\u0159\u00ed\u017e u\u202fB\u011blova. Byl to prvn\u00ed, z dev\u00edti k\u0159\u00ed\u017e\u016f ve farnosti, kter\u00e9 b\u011bhem sv\u00e9ho p\u016fsoben\u00ed vysv\u011btil.<\/p>\n\n\n\n<p>P\u0159esn\u011b rozli\u0161uje,\u202f zda \u0161lo o k\u0159\u00ed\u017ee d\u0159ev\u011bn\u00e9 nebo kamenn\u00e9.\u202fV\u202ft\u00e9 dob\u011b\u202fkvasick\u00e9\u202fpanstv\u00ed,\u202fdo kter\u00e9ho spadal i\u202fB\u011blov, vlastnil\u202fJoachiam\u202fAdam hrab\u011b z\u202fRottalu\u202f(1708-1746), kter\u00fd nechal postavit pro sv\u00e9 farn\u00edky v\u202fKvasic\u00edch na n\u00e1m\u011bst\u00ed velkolep\u00fd chr\u00e1m.\u202f<\/p>\n\n\n\n<p>Po n\u00e1hl\u00e9 smrti\u202fJoachima\u202fAdama z\u202fRottala\u202fse stala d\u011bdi\u010dkou\u202fkvasick\u00e9ho\u202fpanstv\u00ed\u202fjedna\u202fze t\u0159\u00ed dcer, a to Marie\u202fAnna\u202f(1734-1795), provdan\u00e1\u202fza Franti\u0161ka Adama\u202fLamberga.<\/p>\n\n\n\n<p>Dal\u0161\u00ed zm\u00ednka o k\u0159\u00ed\u017e\u00edch je ve farn\u00ed kronice resp. Pam\u011btn\u00ed knize farnosti\u202fkvasick\u00e9\u202fod roku 1899-1942, kterou zalo\u017eil\u202fkvasick\u00fd far\u00e1\u0159 Ign\u00e1c N\u011bmec,\u202fpsal ji \u010desky. Popsal v\u202fn\u00ed ud\u00e1losti nejen sv\u00e9 doby, ale tak\u00e9 sv\u00fdch p\u0159edch\u016fdc\u016f, kte\u0159\u00ed kroniku psali latinsky nebo n\u011bmecky.\u202fJedna z\u202fkapitol\u202fpopisuje\u202fseznam\u202fk\u0159\u00ed\u017e\u016f ve farnosti\u202fv\u010detn\u011b\u202fB\u011blova.<\/p>\n\n\n\n<blockquote class=\"wp-block-quote is-layout-flow wp-block-quote-is-layout-flow\"><p><em>II.\u202fSeznam k\u0159\u00ed\u017e\u016f v\u202fB\u011blov\u011b: 1. Kamenn\u00fd k\u0159\u00ed\u017e stoj\u00edc\u00ed vedle silnice z\u202fKvasic\u202fdo\u202fB\u011blova. Na udr\u017eov\u00e1n\u00ed k\u0159\u00ed\u017ee tohoto nen\u00ed reversu. K\u0159\u00ed\u017e d\u0159ev\u011bn\u00fd z\u202fdubov\u00e9ho d\u0159eva.\u202fFigura spasitele jest namalov\u00e1na\u202fna plechu.\u202fTento k\u0159\u00ed\u017e stoj\u00ed nad\u202fB\u011blovem\u202fv\u202fpoli u\u202fchodn\u00edka\u202fz\u202fNov\u00e9ho Dvora do\u202fB\u011blova. Posv\u011bcen byl od Josefa\u202fB\u00edlka far\u00e1\u0159e.\u202fObec\u202fB\u011blov\u202fzav\u00e1zala se reversem, ze dne 21.\u202f\u010dervna 1846 k\u0159\u00ed\u017e v\u202fdobr\u00e9m stavu\u202fudr\u017eovati.<\/em><\/p><\/blockquote>\n\n\n\n<p>Josef B\u00edlek byl far\u00e1\u0159em v\u202fKvasic\u00edch v\u202fletech 1846-1862.<\/p>\n\n\n\n<p>V\u011bt\u0161ina k\u0159\u00ed\u017e\u016f ve farnosti poch\u00e1zela z\u202f18. nebo 19. stolet\u00ed. Mnoh\u00e9 z\u202fnich zcela zanikly, jin\u00e9 byly na stejn\u00e9m m\u00edst\u011b obnoveny. Tak tomu bylo i s\u202fk\u0159\u00ed\u017ei v\u202fB\u011blov\u011b.\u202fU silnice byl postaven nov\u00fd k\u0159\u00ed\u017e kamenn\u00fd,\u202fz\u00e1sluhou Franti\u0161ka Da\u0148ka z\u202fB\u011blova,\u202fv\u202froce 1847-9 (?). Posledn\u00ed \u010d\u00edslice je\u202fji\u017e\u202fset\u0159ena, ne\u010diteln\u00e1,\u202ftak jako\u202fi\u202fn\u00e1pis\u202fna\u202fa je zcela\u202fz\u0159eteln\u00e9, \u017ee text je ps\u00e1n \u010desky, dobov\u00fdm p\u00edsmenem a gramatikou. Podle m\u00e9ho \u00fasudku by mohl zn\u00edt takto:\u202f<em>B\u011blovu odkaz (dar) pudmistra Franti\u0161ka Da\u0148ka<\/em>.\u202f&nbsp;<\/p>\n\n\n\n<p>V\u202f19. stolet\u00ed jsou\u202fKvasice\u202fv\u202fdr\u017een\u00ed Karoliny\u202fLambergov\u00e9,\u202froz.\u202fSternbergov\u00e9\u202f(1804-1881)\u202fa jej\u00ed dcery Leopoldiny\u202f(1825-1902), provdan\u00e9\u202fThun-Hohestein.<\/p>\n<\/div>\n\n\n\n<div class=\"wp-block-column is-layout-flow wp-block-column-is-layout-flow\" style=\"flex-basis:33.33%\">\n<figure class=\"wp-block-gallery has-nested-images columns-default is-cropped wp-block-gallery-1 is-layout-flex wp-block-gallery-is-layout-flex\">\n<figure class=\"wp-block-image size-full\"><a href=\"https:\/\/belov.cz\/obec\/wp-content\/uploads\/2022\/01\/20-06-13-5044.jpg\"><img loading=\"lazy\" decoding=\"async\" width=\"800\" height=\"1280\" data-id=\"46495\" src=\"https:\/\/belov.cz\/obec\/wp-content\/uploads\/2022\/01\/20-06-13-5044.jpg\" alt=\"\" class=\"wp-image-46495\" srcset=\"https:\/\/belov.cz\/obec\/wp-content\/uploads\/2022\/01\/20-06-13-5044.jpg 800w, https:\/\/belov.cz\/obec\/wp-content\/uploads\/2022\/01\/20-06-13-5044-240x384.jpg 240w, https:\/\/belov.cz\/obec\/wp-content\/uploads\/2022\/01\/20-06-13-5044-103x164.jpg 103w, https:\/\/belov.cz\/obec\/wp-content\/uploads\/2022\/01\/20-06-13-5044-768x1229.jpg 768w, https:\/\/belov.cz\/obec\/wp-content\/uploads\/2022\/01\/20-06-13-5044-63x100.jpg 63w\" sizes=\"auto, (max-width: 800px) 100vw, 800px\" \/><\/a><figcaption>spodn\u00ed k\u0159\u00ed\u017e<\/figcaption><\/figure>\n<\/figure>\n<\/div>\n<\/div>\n\n\n\n<hr class=\"wp-block-separator\"\/>\n\n\n\n<h2 class=\"wp-block-heading\" id=\"frantisek-danek-1786-1851\">Franti\u0161ek Dan\u011bk (1786 &#8211; 1851)<\/h2>\n\n\n\n<p>Franti\u0161ek Dan\u011bk se narodil 29.4.1786 ve St\u0159\u00ed\u017eovic\u00edch, \u010d\u00edslo popisn\u00e9\u202f 15. K\u0159t\u011bn\u00fd byl jako Franc Petr. Otec Franc Dan\u011bk (sedl\u00e1k) a matka Anna.<\/p>\n\n\n\n<p>O\u017eenil se 3.3.1809 s Marinou, dcerou Jana \u0160ebest\u00edka ze St\u0159\u00ed\u017eovic. \u017dili v B\u011blov\u011b na \u010d\u00edsle 11, kde Marina zem\u0159ela 11.1.1820 ve v\u011bku 33 let.<\/p>\n\n\n\n<p>N\u00e1sledn\u011b se Dan\u011bk podruh\u00e9 o\u017eenil (m\u011bl 34 let) v roce 1820 s Annou Novotnou z B\u011blova. \u017dili na \u010d\u00edsle 11. Franti\u0161ek byl sedl\u00e1k a od roku 1830 a\u017e do sv\u00e9 smrti purkmistrem. Zem\u0159el na \u010d\u00edsle 11, 26.5.1851 ve v\u011bku 63 let.<\/p>\n\n\n\n<hr class=\"wp-block-separator\"\/>\n\n\n\n<p>sepsala a vyb\u00e1dala: Kv\u011bta\u202fKout\u0148\u00e1kov\u00e1,\u202fKvasice,\u202f16.1.2022<br>\u00fapravy textu a fotografie: Marek P\u0159ececht\u011bl<\/p>\n","protected":false},"excerpt":{"rendered":"<p>V katastru obce B\u011blov se nach\u00e1zej\u00ed moment\u00e1ln\u011b (rok 2022) dva kamenn\u00e9 k\u0159\u00ed\u017ee: k\u0159\u00ed\u017e u k\u0159i\u017eovatky cest B\u011blov &#8211; Kvasice, B\u011blov &#8211; Otrokovice, bl\u00edzko cyklistick\u00e9ho p\u0159\u00edst\u0159e\u0161ku,postaven: 1847 &#8211; 9 (?),n\u00e1pis na\u2026<\/p>\n","protected":false},"author":2,"featured_media":46511,"parent":2031,"menu_order":65,"comment_status":"closed","ping_status":"closed","template":"","meta":{"footnotes":""},"class_list":["post-46456","page","type-page","status-publish","has-post-thumbnail","hentry"],"_links":{"self":[{"href":"https:\/\/belov.cz\/obec\/wp-json\/wp\/v2\/pages\/46456","targetHints":{"allow":["GET"]}}],"collection":[{"href":"https:\/\/belov.cz\/obec\/wp-json\/wp\/v2\/pages"}],"about":[{"href":"https:\/\/belov.cz\/obec\/wp-json\/wp\/v2\/types\/page"}],"author":[{"embeddable":true,"href":"https:\/\/belov.cz\/obec\/wp-json\/wp\/v2\/users\/2"}],"replies":[{"embeddable":true,"href":"https:\/\/belov.cz\/obec\/wp-json\/wp\/v2\/comments?post=46456"}],"version-history":[{"count":42,"href":"https:\/\/belov.cz\/obec\/wp-json\/wp\/v2\/pages\/46456\/revisions"}],"predecessor-version":[{"id":46650,"href":"https:\/\/belov.cz\/obec\/wp-json\/wp\/v2\/pages\/46456\/revisions\/46650"}],"up":[{"embeddable":true,"href":"https:\/\/belov.cz\/obec\/wp-json\/wp\/v2\/pages\/2031"}],"wp:featuredmedia":[{"embeddable":true,"href":"https:\/\/belov.cz\/obec\/wp-json\/wp\/v2\/media\/46511"}],"wp:attachment":[{"href":"https:\/\/belov.cz\/obec\/wp-json\/wp\/v2\/media?parent=46456"}],"curies":[{"name":"wp","href":"https:\/\/api.w.org\/{rel}","templated":true}]}}